{"id":2,"date":"2017-12-19T13:54:29","date_gmt":"2017-12-19T12:54:29","guid":{"rendered":"https:\/\/aerolurcy.fr\/?page_id=2"},"modified":"2017-12-27T12:22:08","modified_gmt":"2017-12-27T11:22:08","slug":"qui-sommes-nous","status":"publish","type":"page","link":"https:\/\/aerolurcy.fr\/index.php\/qui-sommes-nous\/","title":{"rendered":"Qui sommes-nous ?"},"content":{"rendered":"<p>Site de passionn\u00e9 par l&#8217;aviation en g\u00e9n\u00e9ral.<\/p>\n<p><span>Propositions de formation ULM avec h\u00e9bergement<\/span><\/p>\n<p><span>Mobil home : 3 chambres, salle d&#8217;eau, s\u00e9jour, cuisine \u00e9quip\u00e9e, jeux pour enfants, possibilit\u00e9 de pr\u00eat de v\u00e9los (la for\u00eat de Tron\u00e7ais est \u00e0 10 mm en voiture).Possibilit\u00e9 d&#8217;utilisation d&#8217;un avion quadriplace (PA 28) avec pilote sur la plateforme. (Pr\u00e9voir draps et linge de toilette).<\/span><\/p>\n<p><span>ULM Gu\u00e9rin G1 : Appareil s\u00e9curisant, biplace,\u00a0 moins de 400h depuis neuf, vitesse 170 km\/h pos\u00e9 \u00e0 60 km\/h entretenu par professionnel. Entrainement sur piste en herbe ou en dure. Les formules 10H et 5H peuvent d\u00e9boucher sur une formation compl\u00e8te\u00a0 jusqu&#8217;au brevet ainsi qu&#8217;une aide au th\u00e9orique. Pour les pilotes d\u00e9j\u00e0 brevet\u00e9s une prise en main avec instructeur est pr\u00e9vue avant le \u00ab l\u00e2ch\u00e9 \u00bb et l&#8217;assurance FFPLUM est obligatoire. Pour les d\u00e9butants un certificat de non contre-indication doit \u00eatre d\u00e9livr\u00e9 par un m\u00e9decin g\u00e9n\u00e9raliste, l&#8217;assurance est prise en charge par l&#8217;instructeur.<\/span><\/p>\n<p><span>FORMULE n\u00b01 : 10 heures de vol avec instructeur et soutien au th\u00e9orique (pour les d\u00e9butants), r\u00e9parties sur une semaine en fonction des disponibilit\u00e9s de l&#8217;instructeur et de la m\u00e9t\u00e9o. L&#8217;adh\u00e9sion au club (pour le restant de l&#8217;ann\u00e9e) et l&#8217;h\u00e9bergement (maxi 6 personnes) sont compris dans le forfait<\/span><\/p>\n<p><span>FORMULE n\u00b02 : 5 Heures de vol et h\u00e9bergement sur week-end (2 nuits) ou en semaine.\u00a0<\/span><\/p>\n","protected":false},"excerpt":{"rendered":"<p>Site de passionn\u00e9 par l&#8217;aviation en g\u00e9n\u00e9ral. Propositions de formation ULM avec h\u00e9bergement Mobil home : 3 chambres, salle d&#8217;eau, s\u00e9jour, cuisine \u00e9quip\u00e9e, jeux pour enfants, possibilit\u00e9 de pr\u00eat de v\u00e9los (la for\u00eat de Tron\u00e7ais est \u00e0 10 mm en voiture).Possibilit\u00e9 d&#8217;utilisation d&#8217;un avion quadriplace (PA 28) avec pilote sur [&hellip;]<\/p>\n","protected":false},"author":1,"featured_media":0,"parent":0,"menu_order":0,"comment_status":"closed","ping_status":"closed","template":"","meta":{"_monsterinsights_skip_tracking":false,"_monsterinsights_sitenote_active":false,"_monsterinsights_sitenote_note":"","_monsterinsights_sitenote_category":0,"_uf_show_specific_survey":0,"_uf_disable_surveys":false,"footnotes":""},"class_list":["post-2","page","type-page","status-publish","hentry"],"jetpack_sharing_enabled":true,"_links":{"self":[{"href":"https:\/\/aerolurcy.fr\/index.php\/wp-json\/wp\/v2\/pages\/2","targetHints":{"allow":["GET"]}}],"collection":[{"href":"https:\/\/aerolurcy.fr\/index.php\/wp-json\/wp\/v2\/pages"}],"about":[{"href":"https:\/\/aerolurcy.fr\/index.php\/wp-json\/wp\/v2\/types\/page"}],"author":[{"embeddable":true,"href":"https:\/\/aerolurcy.fr\/index.php\/wp-json\/wp\/v2\/users\/1"}],"replies":[{"embeddable":true,"href":"https:\/\/aerolurcy.fr\/index.php\/wp-json\/wp\/v2\/comments?post=2"}],"version-history":[{"count":0,"href":"https:\/\/aerolurcy.fr\/index.php\/wp-json\/wp\/v2\/pages\/2\/revisions"}],"wp:attachment":[{"href":"https:\/\/aerolurcy.fr\/index.php\/wp-json\/wp\/v2\/media?parent=2"}],"curies":[{"name":"wp","href":"https:\/\/api.w.org\/{rel}","templated":true}]}}